{"id":90,"date":"2022-02-15T14:48:31","date_gmt":"2022-02-15T13:48:31","guid":{"rendered":"https:\/\/naupacte.com\/?page_id=90"},"modified":"2022-06-02T19:54:34","modified_gmt":"2022-06-02T17:54:34","slug":"numerical-simulation-actors-detailed","status":"publish","type":"page","link":"https:\/\/naupacte.com\/index.php\/numerical-simulation-actors-detailed\/","title":{"rendered":"A qui s&#8217;adresse Navpactos"},"content":{"rendered":"\n<p>C&#8217;est aux concepteurs et d\u00e9veloppeurs d&#8217;applications de simulation num\u00e9rique comme aux d\u00e9tenteurs et mainteneurs de codes existants que Naupacte propose un langage in\u00e9dit d\u00e9di\u00e9 \u00e0 la mod\u00e9lisation des calculs et \u00e0 leur ex\u00e9cution.<\/p>\n\n\n\n<p>Ce langage offre un nouveau paradigme de d\u00e9veloppement rapprochant prototypage rapide et code industriel, langage de script et langage compil\u00e9, pour raccourcir le temps entre l&#8217;\u00e9mergence conceptuelle d&#8217;une m\u00e9thode de simulation et sa r\u00e9alisation cod\u00e9e efficacement.<\/p>\n\n\n\n<h2 class=\"wp-block-heading\" id=\"editeurs-de-logiciels-de-simulation\">\u00c9diteurs de logiciels de simulation<\/h2>\n\n\n\n<p>Navpactos vous permet de garder la ma\u00eetrise de comp\u00e9tences pr\u00e9cieuses:<\/p>\n\n\n\n<ol class=\"wp-block-list\"><li>par l&#8217;acc\u00e9l\u00e9ration de vos d\u00e9veloppements<\/li><li>par le recentrage de vos comp\u00e9tences et la ma\u00eetrise des co\u00fbts de maintenance<\/li><\/ol>\n\n\n\n<p>tout en b\u00e9n\u00e9ficiant de performances in\u00e9dites.<\/p>\n\n\n\n<p>Navpactos est une biblioth\u00e8que\u00a0agr\u00e9able \u00e0 utiliser, efficace, et int\u00e9grable \u00e0 vos logiciels, avec diff\u00e9rentiation automatique et ouverture vers une pr\u00e9cision sup\u00e9rieure. C&#8217;est aussi une biblioth\u00e8que modulaire, acceptant vos fonctions.<\/p>\n\n\n\n<p>Vos propres nouvelles formulations; vos interfaces m\u00e9tier de haut niveau; votre maintenance de code r\u00e9duite, vos calculs de post-traitements facilit\u00e9s: Navpactos peut r\u00e9pondre \u00e0 vos besoins.&nbsp;<\/p>\n\n\n\n<h2 class=\"wp-block-heading\" id=\"mathematiciens-centres-de-recherche-developpeurs\">Math\u00e9maticiens &#8211; Centres de recherche &#8211; D\u00e9veloppeurs<\/h2>\n\n\n\n<ol class=\"wp-block-list\"><li>L\u2019aisance et la puissance&nbsp;de programmation sont aptes \u00e0 s\u00e9duire les math\u00e9maticiens en vue du prototypage rapide de leurs id\u00e9es.<\/li><li>De plus, les performances exceptionnelles des calculs d\u2019assemblage ouvrent la voie \u00e0 de nouveaux algorithmes de r\u00e9solution.<\/li><li>Les fonctionnalit\u00e9s nouvelles offertes par le calcul formel int\u00e9gr\u00e9, comme la d\u00e9rivation automatique doivent \u00e9galement susciter l&#8217;imagination pour la recherche.<\/li><\/ol>\n\n\n\n<p>Ces trois qualit\u00e9s font que prototyper avec Navpactos, c&#8217;est d\u00e9j\u00e0 coder industriellement tout en capitalisant pour les d\u00e9veloppements futurs qui pourront exploiter le code nouveau.<\/p>\n\n\n\n<h2 class=\"wp-block-heading\" id=\"environnements-mathematiques-de-programmation\">Environnements math\u00e9matiques de programmation<\/h2>\n\n\n\n<p>Enrichissez votre offre par un module de calcul par \u00e9l\u00e9ments finis param\u00e9trable depuis votre environnement, en int\u00e9grant Navpactos. En effet, l&#8217;utilisation et le pilotage de Navpactos ressemblent d\u00e9j\u00e0 \u00e0 un script bien que les interfaces soient \u00e9crites en C++.<\/p>\n\n\n\n<h2 class=\"wp-block-heading\" id=\"bureaux-d-etude-en-ingenierie-et-simulation\">Bureaux d&#8217;\u00e9tude en ing\u00e9nierie et simulation<\/h2>\n\n\n\n<p>Des solutions sur mesure peuvent \u00eatre mises au point sous la forme de code \u00e0 fa\u00e7on pour r\u00e9pondre \u00e0 des besoins sp\u00e9cifiques (calculs de gradients, optimisation param\u00e9trique, couplage multiphysique). Cela peut \u00eatre l&#8217;occasion de revoir son portefeuille d&#8217;applications.<\/p>\n","protected":false},"excerpt":{"rendered":"<p>C&#8217;est aux concepteurs et d\u00e9veloppeurs d&#8217;applications de simulation num\u00e9rique comme aux d\u00e9tenteurs et mainteneurs de codes existants que Naupacte propose un langage in\u00e9dit d\u00e9di\u00e9 \u00e0 la mod\u00e9lisation des calculs et \u00e0 leur ex\u00e9cution. Ce langage offre un nouveau paradigme de d\u00e9veloppement rapprochant prototypage rapide et code industriel, langage de script et langage compil\u00e9, pour raccourcir le temps entre l&#8217;\u00e9mergence conceptuelle d&#8217;une m\u00e9thode de simulation et sa r\u00e9alisation cod\u00e9e efficacement. \u00c9diteurs de logiciels de simulation Navpactos vous permet de garder la ma\u00eetrise de comp\u00e9tences pr\u00e9cieuses: par l&#8217;acc\u00e9l\u00e9ration de vos d\u00e9veloppements par le recentrage de vos comp\u00e9tences et la ma\u00eetrise des co\u00fbts de maintenance tout en b\u00e9n\u00e9ficiant de performances in\u00e9dites. Navpactos est une biblioth\u00e8que\u00a0agr\u00e9able \u00e0 utiliser, efficace, et int\u00e9grable \u00e0 vos logiciels, avec diff\u00e9rentiation automatique et ouverture vers une pr\u00e9cision sup\u00e9rieure. C&#8217;est aussi une biblioth\u00e8que modulaire, acceptant vos fonctions. Vos propres nouvelles formulations; vos interfaces m\u00e9tier de haut niveau; votre maintenance de code r\u00e9duite, vos calculs de post-traitements facilit\u00e9s: Navpactos peut r\u00e9pondre \u00e0 vos besoins.&nbsp; Math\u00e9maticiens &#8211; Centres de recherche &#8211; D\u00e9veloppeurs L\u2019aisance et la puissance&nbsp;de programmation sont aptes \u00e0 s\u00e9duire les math\u00e9maticiens en vue du prototypage rapide de leurs id\u00e9es. De plus, les performances exceptionnelles des calculs d\u2019assemblage ouvrent la voie \u00e0 de nouveaux algorithmes de r\u00e9solution. Les fonctionnalit\u00e9s nouvelles offertes par le calcul formel int\u00e9gr\u00e9, comme la d\u00e9rivation automatique doivent \u00e9galement susciter l&#8217;imagination pour la recherche. Ces trois qualit\u00e9s font que prototyper avec Navpactos, c&#8217;est d\u00e9j\u00e0 coder industriellement tout en capitalisant pour les d\u00e9veloppements futurs qui pourront exploiter le code nouveau. Environnements math\u00e9matiques de programmation Enrichissez votre offre par un module de calcul par \u00e9l\u00e9ments finis param\u00e9trable depuis votre environnement, en int\u00e9grant Navpactos. En effet, l&#8217;utilisation et le pilotage de Navpactos ressemblent d\u00e9j\u00e0 \u00e0 un script bien que les interfaces soient \u00e9crites en C++. Bureaux d&#8217;\u00e9tude en ing\u00e9nierie et simulation Des solutions sur mesure peuvent \u00eatre mises au point sous la forme de code \u00e0 fa\u00e7on pour r\u00e9pondre \u00e0 des besoins sp\u00e9cifiques (calculs de gradients, optimisation param\u00e9trique, couplage multiphysique). Cela peut \u00eatre l&#8217;occasion de revoir son portefeuille d&#8217;applications.<\/p>\n","protected":false},"author":1,"featured_media":0,"parent":0,"menu_order":0,"comment_status":"closed","ping_status":"closed","template":"","meta":{"footnotes":""},"class_list":["post-90","page","type-page","status-publish","hentry"],"_links":{"self":[{"href":"https:\/\/naupacte.com\/index.php\/wp-json\/wp\/v2\/pages\/90","targetHints":{"allow":["GET"]}}],"collection":[{"href":"https:\/\/naupacte.com\/index.php\/wp-json\/wp\/v2\/pages"}],"about":[{"href":"https:\/\/naupacte.com\/index.php\/wp-json\/wp\/v2\/types\/page"}],"author":[{"embeddable":true,"href":"https:\/\/naupacte.com\/index.php\/wp-json\/wp\/v2\/users\/1"}],"replies":[{"embeddable":true,"href":"https:\/\/naupacte.com\/index.php\/wp-json\/wp\/v2\/comments?post=90"}],"version-history":[{"count":12,"href":"https:\/\/naupacte.com\/index.php\/wp-json\/wp\/v2\/pages\/90\/revisions"}],"predecessor-version":[{"id":471,"href":"https:\/\/naupacte.com\/index.php\/wp-json\/wp\/v2\/pages\/90\/revisions\/471"}],"wp:attachment":[{"href":"https:\/\/naupacte.com\/index.php\/wp-json\/wp\/v2\/media?parent=90"}],"curies":[{"name":"wp","href":"https:\/\/api.w.org\/{rel}","templated":true}]}}